{"id":7,"date":"2016-10-07T16:58:48","date_gmt":"2016-10-07T14:58:48","guid":{"rendered":"http:\/\/www.lionsmasaccio.it\/?page_id=7"},"modified":"2017-10-18T18:53:24","modified_gmt":"2017-10-18T16:53:24","slug":"il-club","status":"publish","type":"page","link":"http:\/\/www.lionsmasaccio.it\/index.php\/il-club\/","title":{"rendered":"Il Club"},"content":{"rendered":"<h4>Nel&nbsp;Valdarno da oltre 20 anni<\/h4>\n<p>Attivo sul territorio valdarnese da pi\u00f9 di <strong>20 anni<\/strong>, il Lions Club Valdarno Masaccio svolge molteplici attivit\u00e0 di \u201cservice\u201d. Queste attivit\u00e0 &nbsp;spaziano da progetti di tutela e salvaguardia del patrimonio artistico, ad interventi fattivi su calamit\u00e0 naturali, servizio per stati di necessit\u00e0 della comunit\u00e0, campagne informative, acquisto di cani guida per ciechi, promozione di attivit\u00e0 culturali e molto altro.<\/p>\n<p>Visita tutto il sito per capire chi siamo e cosa facciamo.<\/p>\n","protected":false},"excerpt":{"rendered":"<p>Nel&nbsp;Valdarno da oltre 20 anni Attivo sul territorio valdarnese da pi\u00f9 di 20 anni, il Lions Club Valdarno Masaccio svolge molteplici attivit\u00e0 di \u201cservice\u201d. Queste attivit\u00e0 &nbsp;spaziano da progetti di tutela e salvaguardia del patrimonio artistico, ad interventi fattivi su calamit\u00e0 naturali, servizio per stati di necessit\u00e0 della comunit\u00e0, campagne informative, acquisto di cani guida [&hellip;]<\/p>\n","protected":false},"author":1,"featured_media":0,"parent":0,"menu_order":0,"comment_status":"closed","ping_status":"closed","template":"","meta":{"ngg_post_thumbnail":0},"yoast_head":"<!-- This site is optimized with the Yoast SEO plugin v15.4 - https:\/\/yoast.com\/wordpress\/plugins\/seo\/ -->\n<title>Il Club - Lions Club Valdarno Masaccio<\/title>\n<meta name=\"description\" content=\"Attivo sul territorio valdarnese da pi\u00f9 di 20 anni , il Lions Club Valdarno Masaccio svolge molteplici attivit\u00e0 di \u201cservice&quot; che puoi trovare navigando.\" \/>\n<meta name=\"robots\" content=\"index, follow, max-snippet:-1, max-image-preview:large, max-video-preview:-1\" \/>\n<link rel=\"canonical\" href=\"http:\/\/www.lionsmasaccio.it\/index.php\/il-club\/\" \/>\n<meta property=\"og:locale\" content=\"it_IT\" \/>\n<meta property=\"og:type\" content=\"article\" \/>\n<meta property=\"og:title\" content=\"Il Club - Lions Club Valdarno Masaccio\" \/>\n<meta property=\"og:description\" content=\"Attivo sul territorio valdarnese da pi\u00f9 di 20 anni , il Lions Club Valdarno Masaccio svolge molteplici attivit\u00e0 di \u201cservice&quot; che puoi trovare navigando.\" \/>\n<meta property=\"og:url\" content=\"http:\/\/www.lionsmasaccio.it\/index.php\/il-club\/\" \/>\n<meta property=\"og:site_name\" content=\"Lions Club Valdarno Masaccio\" \/>\n<meta property=\"article:publisher\" content=\"https:\/\/www.facebook.com\/Lions-Club-Valdarno-Masaccio-366240096861730\" \/>\n<meta property=\"article:modified_time\" content=\"2017-10-18T16:53:24+00:00\" \/>\n<meta name=\"twitter:card\" content=\"summary\" \/>\n<meta name=\"twitter:creator\" content=\"@LMasaccio\" \/>\n<meta name=\"twitter:site\" content=\"@LMasaccio\" \/>\n<meta name=\"twitter:label1\" content=\"Scritto da\">\n\t<meta name=\"twitter:data1\" content=\"Lions Masaccio\">\n\t<meta name=\"twitter:label2\" content=\"Tempo di lettura stimato\">\n\t<meta name=\"twitter:data2\" content=\"0 minuti\">\n<script type=\"application\/ld+json\" class=\"yoast-schema-graph\">{\"@context\":\"https:\/\/schema.org\",\"@graph\":[{\"@type\":\"Organization\",\"@id\":\"http:\/\/www.lionsmasaccio.it\/#organization\",\"name\":\"Lions Valdarno Masaccio\",\"url\":\"http:\/\/www.lionsmasaccio.it\/\",\"sameAs\":[\"https:\/\/www.facebook.com\/Lions-Club-Valdarno-Masaccio-366240096861730\",\"https:\/\/www.youtube.com\/channel\/UClz6dlEeNP7EVJ5mvEYJmZw\",\"https:\/\/twitter.com\/LMasaccio\"],\"logo\":{\"@type\":\"ImageObject\",\"@id\":\"http:\/\/www.lionsmasaccio.it\/#logo\",\"inLanguage\":\"it-IT\",\"url\":\"http:\/\/www.lionsmasaccio.it\/wp-content\/uploads\/2017\/04\/logo-masaccio.jpg\",\"width\":174,\"height\":247,\"caption\":\"Lions Valdarno Masaccio\"},\"image\":{\"@id\":\"http:\/\/www.lionsmasaccio.it\/#logo\"}},{\"@type\":\"WebSite\",\"@id\":\"http:\/\/www.lionsmasaccio.it\/#website\",\"url\":\"http:\/\/www.lionsmasaccio.it\/\",\"name\":\"Lions Club Valdarno Masaccio\",\"description\":\"We Serve\",\"publisher\":{\"@id\":\"http:\/\/www.lionsmasaccio.it\/#organization\"},\"potentialAction\":[{\"@type\":\"SearchAction\",\"target\":\"http:\/\/www.lionsmasaccio.it\/?s={search_term_string}\",\"query-input\":\"required name=search_term_string\"}],\"inLanguage\":\"it-IT\"},{\"@type\":\"WebPage\",\"@id\":\"http:\/\/www.lionsmasaccio.it\/index.php\/il-club\/#webpage\",\"url\":\"http:\/\/www.lionsmasaccio.it\/index.php\/il-club\/\",\"name\":\"Il Club - Lions Club Valdarno Masaccio\",\"isPartOf\":{\"@id\":\"http:\/\/www.lionsmasaccio.it\/#website\"},\"datePublished\":\"2016-10-07T14:58:48+00:00\",\"dateModified\":\"2017-10-18T16:53:24+00:00\",\"description\":\"Attivo sul territorio valdarnese da pi\\u00f9 di 20 anni , il Lions Club Valdarno Masaccio svolge molteplici attivit\\u00e0 di \\u201cservice\\\" che puoi trovare navigando.\",\"inLanguage\":\"it-IT\",\"potentialAction\":[{\"@type\":\"ReadAction\",\"target\":[\"http:\/\/www.lionsmasaccio.it\/index.php\/il-club\/\"]}]}]}<\/script>\n<!-- \/ Yoast SEO plugin. -->","_links":{"self":[{"href":"http:\/\/www.lionsmasaccio.it\/index.php\/wp-json\/wp\/v2\/pages\/7"}],"collection":[{"href":"http:\/\/www.lionsmasaccio.it\/index.php\/wp-json\/wp\/v2\/pages"}],"about":[{"href":"http:\/\/www.lionsmasaccio.it\/index.php\/wp-json\/wp\/v2\/types\/page"}],"author":[{"embeddable":true,"href":"http:\/\/www.lionsmasaccio.it\/index.php\/wp-json\/wp\/v2\/users\/1"}],"replies":[{"embeddable":true,"href":"http:\/\/www.lionsmasaccio.it\/index.php\/wp-json\/wp\/v2\/comments?post=7"}],"version-history":[{"count":4,"href":"http:\/\/www.lionsmasaccio.it\/index.php\/wp-json\/wp\/v2\/pages\/7\/revisions"}],"predecessor-version":[{"id":1900,"href":"http:\/\/www.lionsmasaccio.it\/index.php\/wp-json\/wp\/v2\/pages\/7\/revisions\/1900"}],"wp:attachment":[{"href":"http:\/\/www.lionsmasaccio.it\/index.php\/wp-json\/wp\/v2\/media?parent=7"}],"curies":[{"name":"wp","href":"https:\/\/api.w.org\/{rel}","templated":true}]}}