{"id":280,"date":"2016-10-12T14:44:45","date_gmt":"2016-10-12T12:44:45","guid":{"rendered":"http:\/\/www.lionsmasaccio.it\/?page_id=280"},"modified":"2017-05-17T22:54:17","modified_gmt":"2017-05-17T20:54:17","slug":"missione-e-storia","status":"publish","type":"page","link":"http:\/\/www.lionsmasaccio.it\/index.php\/missione-e-storia\/","title":{"rendered":"Missione e Storia"},"content":{"rendered":"<div>\n<h2><img loading=\"lazy\" class=\"aligncenter\" src=\"http:\/\/www.lionsclubs.org\/cs-assets\/_files\/images\/logos\/we-serve-200x223.jpg\" alt=\"We Serve\" width=\"200\" height=\"223\"><\/h2>\n<h2 style=\"text-align: center;\"><strong>di Lions Clubs International<\/strong><\/h2>\n<p style=\"text-align: justify;\">Dare modo ai volontari di servire la propria comunit\u00e0, rispondere ai bisogni umanitari, promuovere la pace e favorire la comprensione internazionale attraverso i Lions club.<\/p>\n<h2 style=\"text-align: justify;\"><strong>Dichiarazione della Visione<\/strong><\/h2>\n<p style=\"text-align: justify;\">Essere il leader mondiale nel servizio comunitario e umanitario.<\/p>\n<h2 style=\"text-align: justify;\"><strong>Storia<\/strong><\/h2>\n<p style=\"text-align: justify;\">Nel 1917 Melvin Jones, un uomo d&#8217;affari trentottenne di Chicago, disse ai soci del business club locale a cui apparteneva che avrebbero dovuto guardare oltre i problemi legati al lavoro e dedicarsi al miglioramento della comunit\u00e0 e del mondo. Il gruppo di Jones, il Business Circle di Chicago, sosteneva la sua visione.<\/p>\n<p style=\"text-align: justify;\">Dopo aver contattato gruppi simili negli Stati Uniti fu tenuto un incontro organizzativo il 7 giugno 1917, a Chicago (USA). Il nuovo gruppo prese il nome di uno dei gruppi invitati, la &#8220;Association of Lions Clubs&#8221;. Nell&#8217;ottobre dello stesso anno si tenne una convention nazionale a Dallas (USA) nel corso della quale vennero approvati lo statuto, il regolamento, gli scopi e il codice etico.<\/p>\n<p style=\"text-align: justify;\">Nell&#8217;arco di tre anni i Lions divennero un&#8217;organizzazione internazionale. Da allora, abbiamo ottenuto i pi\u00f9 alti riconoscimenti per la nostra integrit\u00e0 e trasparenza. Siamo un&#8217;organizzazione ben gestita, con una visione consolidata, una missione precisa e una lunga tradizione di cui siamo orgogliosi.<\/p>\n<h2 style=\"text-align: justify;\"><strong>Tutto inizi\u00f2 nel 1917<\/strong><\/h2>\n<p style=\"text-align: justify;\">Melvin Jones si pose una semplice domanda che rivoluzion\u00f2 il mondo: cosa sarebbe accaduto se le persone avessero messo il proprio talento al servizio delle loro comunit\u00e0 per migliorarne le condizioni? Quasi 100 anni dopo, Lions Clubs International \u00e8 l&#8217;organizzazione di club di assistenza pi\u00f9 grande del mondo, con 1,35 milioni di soci in oltre 46.000 club e innumerevoli testimonianze di Lions che agiscono in base a una semplice idea comune: miglioriamo le nostre comunit\u00e0.<\/p>\n<h2 style=\"text-align: justify;\"><strong>1920: Diventiamo internazionali<\/strong><\/h2>\n<p style=\"text-align: justify;\">Solo tre anni dopo la costituzione dell&#8217;organizzazione, i Lions divennero internazionali grazie alla fondazione del primo club in Canada. Nel 1927 fu la volta del Messico. Negli anni &#8217;50 e &#8217;60 la crescita a livello internazionale acceler\u00f2, con nuovi club in Europa, Asia e Africa.<\/p>\n<h2 style=\"text-align: left;\"><strong>1925: Lotta alla cecit\u00e0<\/strong><\/h2>\n<p style=\"text-align: left;\">Helen Keller tenne un discorso alla Convention di Lions Clubs International a Cedar Point (Ohio, USA) ed esort\u00f2 i Lions a diventare &#8220;cavalieri dei non vedenti nella crociata contro le tenebre&#8221;. Da allora abbiamo lavorato senza sosta per aiutare i non vedenti e gli ipovedenti.<\/p>\n<h2 style=\"text-align: justify;\"><strong>1945: Le nazioni si uniscono<\/strong><\/h2>\n<p style=\"text-align: justify;\">L&#8217;ideale di organizzazione internazionale si concretizza nel nostro rapporto permanente con le Nazioni Unite. Siamo state una delle prime organizzazioni non-governative a essere state invitate ad assistere alla nascita ufficiale delle Nazioni Unite e ad aver supportato, da allora, il loro lavoro.<\/p>\n<h2 style=\"text-align: justify;\"><strong>1957: Organizzazione di programmi per i giovani<\/strong><\/h2>\n<p style=\"text-align: justify;\">Verso la fine degli anni &#8217;50 abbiamo creato il Programma Leo, per dare ai giovani del mondo un&#8217;opportunit\u00e0 di sviluppo personale attraverso il volontariato. In tutto il mondo vi sono circa 144.000 Leo e 5.700 Leo club in oltre 140 paesi.<\/p>\n<h2 style=\"text-align: justify;\"><strong>1968: Costituzione della Fondazione<\/strong><\/h2>\n<p style=\"text-align: justify;\">Lions Clubs International Foundation assiste i Lions nei progetti umanitari globali e su vasta scala. Attraverso la nostra Fondazione, i Lions vanno incontro ai bisogni delle loro comunit\u00e0 locali e globali.<\/p>\n<h2 style=\"text-align: justify;\"><strong>1990: Lancio di SightFirst<\/strong><\/h2>\n<p style=\"text-align: justify;\">Tramite SightFirst, i Lions restituiscono la vista e prevengono la cecit\u00e0 su scala globale. Lanciata nel 1990, i Lions hanno raccolto, grazie a questa iniziativa, oltre 346 milioni USD. SightFirst si occupa delle principali cause di cecit\u00e0: cataratta, tracoma, oncocercosi, cecit\u00e0 infantile, retinopatia diabetica e glaucoma.<\/p>\n<h2 style=\"text-align: justify;\"><strong>Oggi: Estendiamo il nostro raggio d&#8217;azione<\/strong><\/h2>\n<p style=\"text-align: justify;\">Lions Clubs International amplia ogni giorno la sua missione di servizio nelle comunit\u00e0 locali di tutti gli angoli del mondo. Le necessit\u00e0 sono grandi e i nostri servizi ampi, tra questi ci sono: la vista, la salute, i giovani, gli anziani, l&#8217;ambiente e il risollevamento dai disastri. La nostra rete internazionale \u00e8 cresciuta fino a includere oltre 200 paesi e aree geografiche.<\/p>\n<\/div>\n","protected":false},"excerpt":{"rendered":"<p>di Lions Clubs International Dare modo ai volontari di servire la propria comunit\u00e0, rispondere ai bisogni umanitari, promuovere la pace e favorire la comprensione internazionale attraverso i Lions club. Dichiarazione della Visione Essere il leader mondiale nel servizio comunitario e umanitario. Storia Nel 1917 Melvin Jones, un uomo d&#8217;affari trentottenne di Chicago, disse ai soci [&hellip;]<\/p>\n","protected":false},"author":1,"featured_media":0,"parent":0,"menu_order":0,"comment_status":"closed","ping_status":"closed","template":"","meta":{"ngg_post_thumbnail":0},"yoast_head":"<!-- This site is optimized with the Yoast SEO plugin v15.4 - https:\/\/yoast.com\/wordpress\/plugins\/seo\/ -->\n<title>Missione e Storia - Lions Club Valdarno Masaccio<\/title>\n<meta name=\"description\" content=\"Dare modo ai volontari di servire la propria comunit\u00e0, rispondere ai bisogni umanitari, promuovere la pace e favorire la comprensione internazionale\" \/>\n<meta name=\"robots\" content=\"index, follow, max-snippet:-1, max-image-preview:large, max-video-preview:-1\" \/>\n<link rel=\"canonical\" href=\"http:\/\/www.lionsmasaccio.it\/index.php\/missione-e-storia\/\" \/>\n<meta property=\"og:locale\" content=\"it_IT\" \/>\n<meta property=\"og:type\" content=\"article\" \/>\n<meta property=\"og:title\" content=\"Missione e Storia - Lions Club Valdarno Masaccio\" \/>\n<meta property=\"og:description\" content=\"Dare modo ai volontari di servire la propria comunit\u00e0, rispondere ai bisogni umanitari, promuovere la pace e favorire la comprensione internazionale\" \/>\n<meta property=\"og:url\" content=\"http:\/\/www.lionsmasaccio.it\/index.php\/missione-e-storia\/\" \/>\n<meta property=\"og:site_name\" content=\"Lions Club Valdarno Masaccio\" \/>\n<meta property=\"article:publisher\" content=\"https:\/\/www.facebook.com\/Lions-Club-Valdarno-Masaccio-366240096861730\" \/>\n<meta property=\"article:modified_time\" content=\"2017-05-17T20:54:17+00:00\" \/>\n<meta property=\"og:image\" content=\"http:\/\/www.lionsclubs.org\/cs-assets\/_files\/images\/logos\/we-serve-200x223.jpg\" \/>\n<meta name=\"twitter:card\" content=\"summary\" \/>\n<meta name=\"twitter:creator\" content=\"@LMasaccio\" \/>\n<meta name=\"twitter:site\" content=\"@LMasaccio\" \/>\n<meta name=\"twitter:label1\" content=\"Scritto da\">\n\t<meta name=\"twitter:data1\" content=\"Lions Masaccio\">\n\t<meta name=\"twitter:label2\" content=\"Tempo di lettura stimato\">\n\t<meta name=\"twitter:data2\" content=\"2 minuti\">\n<script type=\"application\/ld+json\" class=\"yoast-schema-graph\">{\"@context\":\"https:\/\/schema.org\",\"@graph\":[{\"@type\":\"Organization\",\"@id\":\"http:\/\/www.lionsmasaccio.it\/#organization\",\"name\":\"Lions Valdarno Masaccio\",\"url\":\"http:\/\/www.lionsmasaccio.it\/\",\"sameAs\":[\"https:\/\/www.facebook.com\/Lions-Club-Valdarno-Masaccio-366240096861730\",\"https:\/\/www.youtube.com\/channel\/UClz6dlEeNP7EVJ5mvEYJmZw\",\"https:\/\/twitter.com\/LMasaccio\"],\"logo\":{\"@type\":\"ImageObject\",\"@id\":\"http:\/\/www.lionsmasaccio.it\/#logo\",\"inLanguage\":\"it-IT\",\"url\":\"http:\/\/www.lionsmasaccio.it\/wp-content\/uploads\/2017\/04\/logo-masaccio.jpg\",\"width\":174,\"height\":247,\"caption\":\"Lions Valdarno Masaccio\"},\"image\":{\"@id\":\"http:\/\/www.lionsmasaccio.it\/#logo\"}},{\"@type\":\"WebSite\",\"@id\":\"http:\/\/www.lionsmasaccio.it\/#website\",\"url\":\"http:\/\/www.lionsmasaccio.it\/\",\"name\":\"Lions Club Valdarno Masaccio\",\"description\":\"We Serve\",\"publisher\":{\"@id\":\"http:\/\/www.lionsmasaccio.it\/#organization\"},\"potentialAction\":[{\"@type\":\"SearchAction\",\"target\":\"http:\/\/www.lionsmasaccio.it\/?s={search_term_string}\",\"query-input\":\"required name=search_term_string\"}],\"inLanguage\":\"it-IT\"},{\"@type\":\"ImageObject\",\"@id\":\"http:\/\/www.lionsmasaccio.it\/index.php\/missione-e-storia\/#primaryimage\",\"inLanguage\":\"it-IT\",\"url\":\"http:\/\/www.lionsclubs.org\/cs-assets\/_files\/images\/logos\/we-serve-200x223.jpg\"},{\"@type\":\"WebPage\",\"@id\":\"http:\/\/www.lionsmasaccio.it\/index.php\/missione-e-storia\/#webpage\",\"url\":\"http:\/\/www.lionsmasaccio.it\/index.php\/missione-e-storia\/\",\"name\":\"Missione e Storia - Lions Club Valdarno Masaccio\",\"isPartOf\":{\"@id\":\"http:\/\/www.lionsmasaccio.it\/#website\"},\"primaryImageOfPage\":{\"@id\":\"http:\/\/www.lionsmasaccio.it\/index.php\/missione-e-storia\/#primaryimage\"},\"datePublished\":\"2016-10-12T12:44:45+00:00\",\"dateModified\":\"2017-05-17T20:54:17+00:00\",\"description\":\"Dare modo ai volontari di servire la propria comunit\\u00e0, rispondere ai bisogni umanitari, promuovere la pace e favorire la comprensione internazionale\",\"inLanguage\":\"it-IT\",\"potentialAction\":[{\"@type\":\"ReadAction\",\"target\":[\"http:\/\/www.lionsmasaccio.it\/index.php\/missione-e-storia\/\"]}]}]}<\/script>\n<!-- \/ Yoast SEO plugin. -->","_links":{"self":[{"href":"http:\/\/www.lionsmasaccio.it\/index.php\/wp-json\/wp\/v2\/pages\/280"}],"collection":[{"href":"http:\/\/www.lionsmasaccio.it\/index.php\/wp-json\/wp\/v2\/pages"}],"about":[{"href":"http:\/\/www.lionsmasaccio.it\/index.php\/wp-json\/wp\/v2\/types\/page"}],"author":[{"embeddable":true,"href":"http:\/\/www.lionsmasaccio.it\/index.php\/wp-json\/wp\/v2\/users\/1"}],"replies":[{"embeddable":true,"href":"http:\/\/www.lionsmasaccio.it\/index.php\/wp-json\/wp\/v2\/comments?post=280"}],"version-history":[{"count":5,"href":"http:\/\/www.lionsmasaccio.it\/index.php\/wp-json\/wp\/v2\/pages\/280\/revisions"}],"predecessor-version":[{"id":1503,"href":"http:\/\/www.lionsmasaccio.it\/index.php\/wp-json\/wp\/v2\/pages\/280\/revisions\/1503"}],"wp:attachment":[{"href":"http:\/\/www.lionsmasaccio.it\/index.php\/wp-json\/wp\/v2\/media?parent=280"}],"curies":[{"name":"wp","href":"https:\/\/api.w.org\/{rel}","templated":true}]}}