{"id":182,"date":"2016-10-12T00:00:09","date_gmt":"2016-10-11T22:00:09","guid":{"rendered":"http:\/\/www.lionsmasaccio.it\/?page_id=182"},"modified":"2020-11-05T13:15:09","modified_gmt":"2020-11-05T12:15:09","slug":"il-presidente","status":"publish","type":"page","link":"http:\/\/www.lionsmasaccio.it\/index.php\/eventi-del-club\/il-presidente\/","title":{"rendered":"Pier Luigi Vasarri Presidente"},"content":{"rendered":"<h4><img loading=\"lazy\" class=\"wp-image-185 size-medium align left alignleft\" title=\"presidente pier luigi vasarri\" src=\"http:\/\/www.lionsmasaccio.it\/wp-content\/uploads\/2016\/10\/Presidente-228x300.jpg\" alt=\"presidente\" width=\"228\" height=\"300\" srcset=\"http:\/\/www.lionsmasaccio.it\/wp-content\/uploads\/2016\/10\/Presidente-228x300.jpg 228w, http:\/\/www.lionsmasaccio.it\/wp-content\/uploads\/2016\/10\/Presidente-768x1009.jpg 768w, http:\/\/www.lionsmasaccio.it\/wp-content\/uploads\/2016\/10\/Presidente-779x1024.jpg 779w, http:\/\/www.lionsmasaccio.it\/wp-content\/uploads\/2016\/10\/Presidente.jpg 1037w\" sizes=\"(max-width: 228px) 100vw, 228px\" \/><\/h4>\n<p><strong>2016\/2017 &#8211; 2017\/2018<\/strong><\/p>\n<p style=\"text-align: justify;\">Laureato in medicina e Chirurgia, specializzato in Pediatria, Neonatologia e Medicina dello Sport \u00e8 direttore dell&#8217; U. O. di Pediatria e Neonatologia dell&#8217;ospedale Santo Stefano di Prato, il secondo punto nascite in Toscana dopo Careggi.<\/p>\n<p style=\"text-align: justify;\">Direttore dell&#8217;Area Materno Infantile dell&#8217;USL4 di Prato fino al 2014, unisce la sua passione per il mondo dell&#8217;infanzia ad una esperienza pluriennale in ambito clinico dove si \u00e8 confrontato nell&#8217;arco della sua carriera lavorativa con casi particolarmente complessi e sfidanti.<\/p>\n<p style=\"text-align: justify;\">Direttore del Pronto Soccorso Pediatrico e della Terapia Intensiva Neonatale dell&#8217;Ospedale di Prato partecipa costantemente ad innumerevoli corsi di aggiornamento professionale per molti dei quali \u00e8 richiesto come relatore e moderatore.<\/p>\n<p style=\"text-align: justify;\">Plurime le attivit\u00e0 didattiche e di docenza anche in ambito universitario.<br \/>\nA tutt&#8217;oggi \u00e8 membro della Commissione Pediatrica Regionale, della Societ\u00e0 Italiana di Pediatria (SIP), della Societ\u00e0 Italiana di Neonatologia (SIN) e della Societ\u00e0 Italiana Medicina di Emergenza Urgenza.<\/p>\n<p style=\"text-align: justify;\"><span style=\"text-decoration: underline;\"><span style=\"color: #07a2dd;\"><strong><a style=\"color: #07a2dd; text-decoration: underline;\" href=\"http:\/\/www.lionsmasaccio.it\/wp-content\/uploads\/2016\/10\/Discorso-Presidenza-LIONS-P-.L.-Vasarri.pdf\" target=\"_blank\" rel=\"noopener noreferrer\">Discorso Presidenza Lions P. L. Vasarri <\/a><\/strong><a style=\"color: #07a2dd; text-decoration: underline;\" href=\"http:\/\/www.lionsmasaccio.it\/wp-content\/uploads\/2016\/10\/Discorso-Presidenza-LIONS-P-.L.-Vasarri.pdf\" target=\"_blank\" rel=\"noopener noreferrer\">(pdf)<\/a><\/span><\/span><\/p>\n","protected":false},"excerpt":{"rendered":"<p>2016\/2017 &#8211; 2017\/2018 Laureato in medicina e Chirurgia, specializzato in Pediatria, Neonatologia e Medicina dello Sport \u00e8 direttore dell&#8217; U. O. di Pediatria e Neonatologia dell&#8217;ospedale Santo Stefano di Prato, il secondo punto nascite in Toscana dopo Careggi. Direttore dell&#8217;Area Materno Infantile dell&#8217;USL4 di Prato fino al 2014, unisce la sua passione per il mondo [&hellip;]<\/p>\n","protected":false},"author":1,"featured_media":0,"parent":439,"menu_order":0,"comment_status":"closed","ping_status":"closed","template":"","meta":{"ngg_post_thumbnail":0},"yoast_head":"<!-- This site is optimized with the Yoast SEO plugin v15.4 - https:\/\/yoast.com\/wordpress\/plugins\/seo\/ -->\n<title>Pier Luigi Vasarri Presidente - Lions Club Valdarno Masaccio<\/title>\n<meta name=\"description\" content=\"Presidente Pier Luigi Vasarri. Laureato in medicina e Chirurgia, specializzato in Pediatria, Neonatologia e Medicina dello Sport, Primario Pediatria Prato\" \/>\n<meta name=\"robots\" content=\"index, follow, max-snippet:-1, max-image-preview:large, max-video-preview:-1\" \/>\n<link rel=\"canonical\" href=\"http:\/\/www.lionsmasaccio.it\/index.php\/eventi-del-club\/il-presidente\/\" \/>\n<meta property=\"og:locale\" content=\"it_IT\" \/>\n<meta property=\"og:type\" content=\"article\" \/>\n<meta property=\"og:title\" content=\"Pier Luigi Vasarri Presidente - Lions Club Valdarno Masaccio\" \/>\n<meta property=\"og:description\" content=\"Presidente Pier Luigi Vasarri. Laureato in medicina e Chirurgia, specializzato in Pediatria, Neonatologia e Medicina dello Sport, Primario Pediatria Prato\" \/>\n<meta property=\"og:url\" content=\"http:\/\/www.lionsmasaccio.it\/index.php\/eventi-del-club\/il-presidente\/\" \/>\n<meta property=\"og:site_name\" content=\"Lions Club Valdarno Masaccio\" \/>\n<meta property=\"article:publisher\" content=\"https:\/\/www.facebook.com\/Lions-Club-Valdarno-Masaccio-366240096861730\" \/>\n<meta property=\"article:modified_time\" content=\"2020-11-05T12:15:09+00:00\" \/>\n<meta property=\"og:image\" content=\"http:\/\/www.lionsmasaccio.it\/wp-content\/uploads\/2016\/10\/Presidente-228x300.jpg\" \/>\n<meta name=\"twitter:card\" content=\"summary\" \/>\n<meta name=\"twitter:creator\" content=\"@LMasaccio\" \/>\n<meta name=\"twitter:site\" content=\"@LMasaccio\" \/>\n<meta name=\"twitter:label1\" content=\"Scritto da\">\n\t<meta name=\"twitter:data1\" content=\"Lions Masaccio\">\n\t<meta name=\"twitter:label2\" content=\"Tempo di lettura stimato\">\n\t<meta name=\"twitter:data2\" content=\"1 minuto\">\n<script type=\"application\/ld+json\" class=\"yoast-schema-graph\">{\"@context\":\"https:\/\/schema.org\",\"@graph\":[{\"@type\":\"Organization\",\"@id\":\"http:\/\/www.lionsmasaccio.it\/#organization\",\"name\":\"Lions Valdarno Masaccio\",\"url\":\"http:\/\/www.lionsmasaccio.it\/\",\"sameAs\":[\"https:\/\/www.facebook.com\/Lions-Club-Valdarno-Masaccio-366240096861730\",\"https:\/\/www.youtube.com\/channel\/UClz6dlEeNP7EVJ5mvEYJmZw\",\"https:\/\/twitter.com\/LMasaccio\"],\"logo\":{\"@type\":\"ImageObject\",\"@id\":\"http:\/\/www.lionsmasaccio.it\/#logo\",\"inLanguage\":\"it-IT\",\"url\":\"http:\/\/www.lionsmasaccio.it\/wp-content\/uploads\/2017\/04\/logo-masaccio.jpg\",\"width\":174,\"height\":247,\"caption\":\"Lions Valdarno Masaccio\"},\"image\":{\"@id\":\"http:\/\/www.lionsmasaccio.it\/#logo\"}},{\"@type\":\"WebSite\",\"@id\":\"http:\/\/www.lionsmasaccio.it\/#website\",\"url\":\"http:\/\/www.lionsmasaccio.it\/\",\"name\":\"Lions Club Valdarno Masaccio\",\"description\":\"We Serve\",\"publisher\":{\"@id\":\"http:\/\/www.lionsmasaccio.it\/#organization\"},\"potentialAction\":[{\"@type\":\"SearchAction\",\"target\":\"http:\/\/www.lionsmasaccio.it\/?s={search_term_string}\",\"query-input\":\"required name=search_term_string\"}],\"inLanguage\":\"it-IT\"},{\"@type\":\"ImageObject\",\"@id\":\"http:\/\/www.lionsmasaccio.it\/index.php\/eventi-del-club\/il-presidente\/#primaryimage\",\"inLanguage\":\"it-IT\",\"url\":\"http:\/\/www.lionsmasaccio.it\/wp-content\/uploads\/2016\/10\/Presidente.jpg\",\"width\":1037,\"height\":1363},{\"@type\":\"WebPage\",\"@id\":\"http:\/\/www.lionsmasaccio.it\/index.php\/eventi-del-club\/il-presidente\/#webpage\",\"url\":\"http:\/\/www.lionsmasaccio.it\/index.php\/eventi-del-club\/il-presidente\/\",\"name\":\"Pier Luigi Vasarri Presidente - Lions Club Valdarno Masaccio\",\"isPartOf\":{\"@id\":\"http:\/\/www.lionsmasaccio.it\/#website\"},\"primaryImageOfPage\":{\"@id\":\"http:\/\/www.lionsmasaccio.it\/index.php\/eventi-del-club\/il-presidente\/#primaryimage\"},\"datePublished\":\"2016-10-11T22:00:09+00:00\",\"dateModified\":\"2020-11-05T12:15:09+00:00\",\"description\":\"Presidente Pier Luigi Vasarri. Laureato in medicina e Chirurgia, specializzato in Pediatria, Neonatologia e Medicina dello Sport, Primario Pediatria Prato\",\"inLanguage\":\"it-IT\",\"potentialAction\":[{\"@type\":\"ReadAction\",\"target\":[\"http:\/\/www.lionsmasaccio.it\/index.php\/eventi-del-club\/il-presidente\/\"]}]}]}<\/script>\n<!-- \/ Yoast SEO plugin. -->","_links":{"self":[{"href":"http:\/\/www.lionsmasaccio.it\/index.php\/wp-json\/wp\/v2\/pages\/182"}],"collection":[{"href":"http:\/\/www.lionsmasaccio.it\/index.php\/wp-json\/wp\/v2\/pages"}],"about":[{"href":"http:\/\/www.lionsmasaccio.it\/index.php\/wp-json\/wp\/v2\/types\/page"}],"author":[{"embeddable":true,"href":"http:\/\/www.lionsmasaccio.it\/index.php\/wp-json\/wp\/v2\/users\/1"}],"replies":[{"embeddable":true,"href":"http:\/\/www.lionsmasaccio.it\/index.php\/wp-json\/wp\/v2\/comments?post=182"}],"version-history":[{"count":18,"href":"http:\/\/www.lionsmasaccio.it\/index.php\/wp-json\/wp\/v2\/pages\/182\/revisions"}],"predecessor-version":[{"id":2768,"href":"http:\/\/www.lionsmasaccio.it\/index.php\/wp-json\/wp\/v2\/pages\/182\/revisions\/2768"}],"up":[{"embeddable":true,"href":"http:\/\/www.lionsmasaccio.it\/index.php\/wp-json\/wp\/v2\/pages\/439"}],"wp:attachment":[{"href":"http:\/\/www.lionsmasaccio.it\/index.php\/wp-json\/wp\/v2\/media?parent=182"}],"curies":[{"name":"wp","href":"https:\/\/api.w.org\/{rel}","templated":true}]}}